{"id":882,"date":"2025-11-22T10:53:41","date_gmt":"2025-11-22T09:53:41","guid":{"rendered":"https:\/\/boutiquecollectifnemesis.com\/?post_type=product&#038;p=882"},"modified":"2026-04-14T02:38:18","modified_gmt":"2026-04-14T00:38:18","slug":"casquette-make-feminism-great-again","status":"publish","type":"product","link":"https:\/\/boutiquecollectifnemesis.com\/?product=casquette-make-feminism-great-again","title":{"rendered":"Casquette Make Feminism Great Again"},"content":{"rendered":"<p>Casquette 100% coton, brod\u00e9e \u00e0 l&rsquo;avant et \u00e0 l&rsquo;arri\u00e8re.<\/p>\n<p>R\u00e9glable \u00e0 toutes les tailles.<\/p>\n","protected":false},"excerpt":{"rendered":"<p>Casquette 100% coton, brod\u00e9e \u00e0 l&rsquo;avant et \u00e0 l&rsquo;arri\u00e8re. R\u00e9glable \u00e0 toutes les tailles.<\/p>\n","protected":false},"featured_media":885,"comment_status":"open","ping_status":"closed","template":"","meta":[],"product_brand":[],"product_cat":[15],"product_tag":[],"class_list":{"0":"post-882","1":"product","2":"type-product","3":"status-publish","4":"has-post-thumbnail","6":"product_cat-non-classe","8":"first","9":"instock","10":"purchasable","11":"product-type-simple"},"_links":{"self":[{"href":"https:\/\/boutiquecollectifnemesis.com\/index.php?rest_route=\/wp\/v2\/product\/882","targetHints":{"allow":["GET"]}}],"collection":[{"href":"https:\/\/boutiquecollectifnemesis.com\/index.php?rest_route=\/wp\/v2\/product"}],"about":[{"href":"https:\/\/boutiquecollectifnemesis.com\/index.php?rest_route=\/wp\/v2\/types\/product"}],"replies":[{"embeddable":true,"href":"https:\/\/boutiquecollectifnemesis.com\/index.php?rest_route=%2Fwp%2Fv2%2Fcomments&post=882"}],"wp:featuredmedia":[{"embeddable":true,"href":"https:\/\/boutiquecollectifnemesis.com\/index.php?rest_route=\/wp\/v2\/media\/885"}],"wp:attachment":[{"href":"https:\/\/boutiquecollectifnemesis.com\/index.php?rest_route=%2Fwp%2Fv2%2Fmedia&parent=882"}],"wp:term":[{"taxonomy":"product_brand","embeddable":true,"href":"https:\/\/boutiquecollectifnemesis.com\/index.php?rest_route=%2Fwp%2Fv2%2Fproduct_brand&post=882"},{"taxonomy":"product_cat","embeddable":true,"href":"https:\/\/boutiquecollectifnemesis.com\/index.php?rest_route=%2Fwp%2Fv2%2Fproduct_cat&post=882"},{"taxonomy":"product_tag","embeddable":true,"href":"https:\/\/boutiquecollectifnemesis.com\/index.php?rest_route=%2Fwp%2Fv2%2Fproduct_tag&post=882"}],"curies":[{"name":"wp","href":"https:\/\/api.w.org\/{rel}","templated":true}]}}