{"id":215,"date":"2025-01-21T13:36:09","date_gmt":"2025-01-21T12:36:09","guid":{"rendered":"http:\/\/18.118.116.133\/?post_type=product&#038;p=215"},"modified":"2026-03-26T16:28:28","modified_gmt":"2026-03-26T15:28:28","slug":"veste-homme","status":"publish","type":"product","link":"https:\/\/boutiquecollectifnemesis.com\/?product=veste-homme","title":{"rendered":"Sweat-shirt \u00ab\u00a0T&rsquo;es chez moi connard\u00a0\u00bb"},"content":{"rendered":"<p>Si vous n&rsquo;avez pas la r\u00e9f, on ne peut rien pour vous, mais rien ne vous emp\u00eache de vous procurer notre pull pour \u00eatre aussi styl\u00e9 que St\u00e9phane Ravier.<\/p>\n<p>Chaud et confortable: 70% coton 30% polyester.<\/p>\n<p>Disponible en plusieurs tailles.<\/p>\n<p>Mixte<\/p>\n","protected":false},"excerpt":{"rendered":"<p>&nbsp;<\/p>\n<p>&nbsp;<\/p>\n","protected":false},"featured_media":259,"comment_status":"open","ping_status":"closed","template":"","meta":[],"product_brand":[],"product_cat":[15,33,32],"product_tag":[],"class_list":{"0":"post-215","1":"product","2":"type-product","3":"status-publish","4":"has-post-thumbnail","6":"product_cat-non-classe","7":"product_cat-femmes","8":"product_cat-hommes","10":"first","11":"instock","12":"purchasable","13":"product-type-variable"},"_links":{"self":[{"href":"https:\/\/boutiquecollectifnemesis.com\/index.php?rest_route=\/wp\/v2\/product\/215","targetHints":{"allow":["GET"]}}],"collection":[{"href":"https:\/\/boutiquecollectifnemesis.com\/index.php?rest_route=\/wp\/v2\/product"}],"about":[{"href":"https:\/\/boutiquecollectifnemesis.com\/index.php?rest_route=\/wp\/v2\/types\/product"}],"replies":[{"embeddable":true,"href":"https:\/\/boutiquecollectifnemesis.com\/index.php?rest_route=%2Fwp%2Fv2%2Fcomments&post=215"}],"wp:featuredmedia":[{"embeddable":true,"href":"https:\/\/boutiquecollectifnemesis.com\/index.php?rest_route=\/wp\/v2\/media\/259"}],"wp:attachment":[{"href":"https:\/\/boutiquecollectifnemesis.com\/index.php?rest_route=%2Fwp%2Fv2%2Fmedia&parent=215"}],"wp:term":[{"taxonomy":"product_brand","embeddable":true,"href":"https:\/\/boutiquecollectifnemesis.com\/index.php?rest_route=%2Fwp%2Fv2%2Fproduct_brand&post=215"},{"taxonomy":"product_cat","embeddable":true,"href":"https:\/\/boutiquecollectifnemesis.com\/index.php?rest_route=%2Fwp%2Fv2%2Fproduct_cat&post=215"},{"taxonomy":"product_tag","embeddable":true,"href":"https:\/\/boutiquecollectifnemesis.com\/index.php?rest_route=%2Fwp%2Fv2%2Fproduct_tag&post=215"}],"curies":[{"name":"wp","href":"https:\/\/api.w.org\/{rel}","templated":true}]}}