{"id":118,"date":"2024-11-21T14:17:21","date_gmt":"2024-11-21T13:17:21","guid":{"rendered":"http:\/\/18.118.116.133\/?page_id=118"},"modified":"2025-01-21T14:39:28","modified_gmt":"2025-01-21T13:39:28","slug":"about","status":"publish","type":"page","link":"https:\/\/boutiquecollectifnemesis.com\/?page_id=118","title":{"rendered":"A propos du Collectif N\u00e9m\u00e9sis"},"content":{"rendered":"\n<div style=\"height:15px\" aria-hidden=\"true\" class=\"wp-block-spacer is-style-heim-hide-on-mobile\"><\/div>\n\n\n\n<div class=\"wp-block-media-text is-stacked-on-mobile is-vertically-aligned-center is-style-default\" style=\"grid-template-columns:58% auto\"><figure class=\"wp-block-media-text__media\"><img loading=\"lazy\" decoding=\"async\" width=\"1024\" height=\"661\" src=\"http:\/\/localhost\/wp-content\/uploads\/2025\/01\/popin-soutien-1024x661.jpg\" alt=\"Equipe N\u00e9m\u00e9sis\" class=\"wp-image-202 size-full\" srcset=\"https:\/\/boutiquecollectifnemesis.com\/wp-content\/uploads\/2025\/01\/popin-soutien-1024x661.jpg 1024w, https:\/\/boutiquecollectifnemesis.com\/wp-content\/uploads\/2025\/01\/popin-soutien-300x194.jpg 300w, https:\/\/boutiquecollectifnemesis.com\/wp-content\/uploads\/2025\/01\/popin-soutien-768x496.jpg 768w, https:\/\/boutiquecollectifnemesis.com\/wp-content\/uploads\/2025\/01\/popin-soutien-400x258.jpg 400w, https:\/\/boutiquecollectifnemesis.com\/wp-content\/uploads\/2025\/01\/popin-soutien-700x452.jpg 700w, https:\/\/boutiquecollectifnemesis.com\/wp-content\/uploads\/2025\/01\/popin-soutien-150x97.jpg 150w, https:\/\/boutiquecollectifnemesis.com\/wp-content\/uploads\/2025\/01\/popin-soutien.avif 1080w\" sizes=\"auto, (max-width: 1024px) 100vw, 1024px\" \/><\/figure><div class=\"wp-block-media-text__content\">\n<p><br><br>Le Collectif N\u00e9m\u00e9sis est n\u00e9 en octobre 2019, \u00e0 l\u2019initiative d\u2019un groupe d\u2019amies, lass\u00e9es d\u2019entendre les supercheries des mouvements dits f\u00e9ministes cens\u00e9s les repr\u00e9senter, ces derniers pr\u00e9f\u00e9rant faire passer une id\u00e9ologie gauchiste aux d\u00e9pens des femmes.<\/p>\n\n\n\n<p>Le Collectif N\u00e9m\u00e9sis a donc d\u00e9cid\u00e9 de s&#8217;emparer du combat pour d\u00e9fendre les femmes occidentales.<\/p>\n\n\n\n<p>Plus d&rsquo;informations sur <a href=\"https:\/\/www.collectif-nemesis.com\/\" data-type=\"link\" data-id=\"https:\/\/www.collectif-nemesis.com\/\">https:\/\/www.collectif-nemesis.com\/<\/a><\/p>\n<\/div><\/div>\n\n\n\n<div style=\"height:70px\" aria-hidden=\"true\" class=\"wp-block-spacer is-style-heim-max-height-mobile\"><\/div>\n","protected":false},"excerpt":{"rendered":"<p>Le Collectif N\u00e9m\u00e9sis est n\u00e9 en octobre 2019, \u00e0 l\u2019initiative d\u2019un groupe d\u2019amies, lass\u00e9es d\u2019entendre les supercheries des mouvements dits f\u00e9ministes cens\u00e9s les repr\u00e9senter, ces derniers pr\u00e9f\u00e9rant faire passer une &#8230;<\/p>\n","protected":false},"author":1,"featured_media":0,"parent":0,"menu_order":0,"comment_status":"closed","ping_status":"closed","template":"","meta":{"footnotes":""},"class_list":["post-118","page","type-page","status-publish","hentry"],"_links":{"self":[{"href":"https:\/\/boutiquecollectifnemesis.com\/index.php?rest_route=\/wp\/v2\/pages\/118","targetHints":{"allow":["GET"]}}],"collection":[{"href":"https:\/\/boutiquecollectifnemesis.com\/index.php?rest_route=\/wp\/v2\/pages"}],"about":[{"href":"https:\/\/boutiquecollectifnemesis.com\/index.php?rest_route=\/wp\/v2\/types\/page"}],"author":[{"embeddable":true,"href":"https:\/\/boutiquecollectifnemesis.com\/index.php?rest_route=\/wp\/v2\/users\/1"}],"replies":[{"embeddable":true,"href":"https:\/\/boutiquecollectifnemesis.com\/index.php?rest_route=%2Fwp%2Fv2%2Fcomments&post=118"}],"version-history":[{"count":6,"href":"https:\/\/boutiquecollectifnemesis.com\/index.php?rest_route=\/wp\/v2\/pages\/118\/revisions"}],"predecessor-version":[{"id":244,"href":"https:\/\/boutiquecollectifnemesis.com\/index.php?rest_route=\/wp\/v2\/pages\/118\/revisions\/244"}],"wp:attachment":[{"href":"https:\/\/boutiquecollectifnemesis.com\/index.php?rest_route=%2Fwp%2Fv2%2Fmedia&parent=118"}],"curies":[{"name":"wp","href":"https:\/\/api.w.org\/{rel}","templated":true}]}}